{"id":3156,"date":"2024-02-26T14:11:43","date_gmt":"2024-02-26T14:11:43","guid":{"rendered":"https:\/\/wwp.qualivision.ch\/karriere\/"},"modified":"2024-06-20T13:17:19","modified_gmt":"2024-06-20T13:17:19","slug":"karriere","status":"publish","type":"page","link":"https:\/\/www.qualivision.ch\/de\/karriere\/","title":{"rendered":"Karriere"},"content":{"rendered":"\t\t<div data-elementor-type=\"wp-page\" data-elementor-id=\"3156\" class=\"elementor elementor-3156 elementor-2452\" data-elementor-post-type=\"page\">\n\t\t\t\t<div data-particle_enable=\"false\" data-particle-mobile-disabled=\"false\" class=\"elementor-element elementor-element-3a1ec70 e-flex e-con-boxed e-con e-parent\" data-id=\"3a1ec70\" data-element_type=\"container\" data-e-type=\"container\" data-settings=\"{&quot;background_background&quot;:&quot;classic&quot;}\">\n\t\t\t\t\t<div class=\"e-con-inner\">\n\t\t<div data-particle_enable=\"false\" data-particle-mobile-disabled=\"false\" class=\"elementor-element elementor-element-2d19f22 e-con-full e-flex e-con e-child\" data-id=\"2d19f22\" data-element_type=\"container\" data-e-type=\"container\" data-settings=\"{&quot;background_background&quot;:&quot;classic&quot;}\">\n\t\t<div data-particle_enable=\"false\" data-particle-mobile-disabled=\"false\" class=\"elementor-element elementor-element-0e79f63 e-flex e-con-boxed e-con e-child\" data-id=\"0e79f63\" data-element_type=\"container\" data-e-type=\"container\">\n\t\t\t\t\t<div class=\"e-con-inner\">\n\t\t\t\t<div class=\"elementor-element elementor-element-73ad78a elementor-widget__width-inherit elementor-widget elementor-widget-heading\" data-id=\"73ad78a\" data-element_type=\"widget\" data-e-type=\"widget\" data-widget_type=\"heading.default\">\n\t\t\t\t<div class=\"elementor-widget-container\">\n\t\t\t\t\t<h2 class=\"elementor-heading-title elementor-size-default\">Wo Leidenschaft <br>\nauf Talent trifft!<\/h2>\t\t\t\t<\/div>\n\t\t\t\t<\/div>\n\t\t\t\t<div class=\"elementor-element elementor-element-b5d6a39 elementor-widget elementor-widget-text-editor\" data-id=\"b5d6a39\" data-element_type=\"widget\" data-e-type=\"widget\" data-widget_type=\"text-editor.default\">\n\t\t\t\t<div class=\"elementor-widget-container\">\n\t\t\t\t\t\t\t\t\t<p>Ihre Karriere bei QualiVision<\/p>\n\t\t\t\t\t\t\t\t<\/div>\n\t\t\t\t<\/div>\n\t\t\t\t\t<\/div>\n\t\t\t\t<\/div>\n\t\t\t\t<\/div>\n\t\t\t\t\t<\/div>\n\t\t\t\t<\/div>\n\t\t<div data-particle_enable=\"false\" data-particle-mobile-disabled=\"false\" class=\"elementor-element elementor-element-96ff8c9 e-flex e-con-boxed e-con e-parent\" data-id=\"96ff8c9\" data-element_type=\"container\" data-e-type=\"container\">\n\t\t\t\t\t<div class=\"e-con-inner\">\n\t\t<div data-particle_enable=\"false\" data-particle-mobile-disabled=\"false\" class=\"elementor-element elementor-element-39083ed e-flex e-con-boxed e-con e-child\" data-id=\"39083ed\" data-element_type=\"container\" data-e-type=\"container\">\n\t\t\t\t\t<div class=\"e-con-inner\">\n\t\t\t\t<div class=\"elementor-element elementor-element-f91d37c elementor-widget__width-initial elementor-widget elementor-widget-text-editor\" data-id=\"f91d37c\" data-element_type=\"widget\" data-e-type=\"widget\" data-widget_type=\"text-editor.default\">\n\t\t\t\t<div class=\"elementor-widget-container\">\n\t\t\t\t\t\t\t\t\t<p style=\"text-align: left;\">QualiVision AG ist ein Unternehmen der Baumer Group und bietet L\u00f6sungen und Dienstleistungen f\u00fcr die automatische Qualit\u00e4tssicherung, Machine Vision, Prozessoptimierung und Automatisierung.<\/p><p style=\"text-align: left;\">Modulare L\u00f6sungen und die konsequente Weiterentwicklung unserer Produkte und Dienstleistungen sind die Grundlage daf\u00fcr.<\/p><p style=\"text-align: left;\">Wir sind stolz darauf, dass wir uns auf die Bed\u00fcrfnisse unserer Kunden konzentrieren und einen engen Kundenkontakt und eine gute Kommunikation pflegen.<\/p><p><strong>Interessiert?<br \/>Hier sind unsere <a href=\"https:\/\/jobs.baumer.com\/?lang=en&amp;filter_5=1542119\" target=\"_blank\" rel=\"noopener\">offenen Stellen auf dem Bewerbungsportal<\/a><\/strong><\/p><p style=\"text-align: left;\">Sie haben keine passende Stelle gefunden, sind aber dennoch sehr daran interessiert, f\u00fcr uns zu arbeiten? Wir freuen uns immer \u00fcber passende Bewerbungen mit Lebenslauf und Anschreiben. Bitte kontaktieren Sie uns \u00fcber <a href=\"mailto:info@qualivision.ch\">info@qualivision.ch.<\/a><\/p>\t\t\t\t\t\t\t\t<\/div>\n\t\t\t\t<\/div>\n\t\t\t\t<div class=\"elementor-element elementor-element-1536084 elementor-widget-divider--view-line elementor-widget elementor-widget-divider\" data-id=\"1536084\" data-element_type=\"widget\" data-e-type=\"widget\" data-widget_type=\"divider.default\">\n\t\t\t\t<div class=\"elementor-widget-container\">\n\t\t\t\t\t\t\t<div class=\"elementor-divider\">\n\t\t\t<span class=\"elementor-divider-separator\">\n\t\t\t\t\t\t<\/span>\n\t\t<\/div>\n\t\t\t\t\t\t<\/div>\n\t\t\t\t<\/div>\n\t\t\t\t\t<\/div>\n\t\t\t\t<\/div>\n\t\t<div data-particle_enable=\"false\" data-particle-mobile-disabled=\"false\" class=\"elementor-element elementor-element-b99adaa elementor-hidden-desktop elementor-hidden-laptop elementor-hidden-tablet elementor-hidden-mobile e-flex e-con-boxed e-con e-child\" data-id=\"b99adaa\" data-element_type=\"container\" data-e-type=\"container\">\n\t\t\t\t\t<div class=\"e-con-inner\">\n\t\t\t\t<div class=\"elementor-element elementor-element-609eafd elementor-hidden-desktop elementor-hidden-laptop elementor-hidden-tablet elementor-pagination-type-bullets elementor-pagination-position-outside elementor-widget elementor-widget-loop-carousel\" data-id=\"609eafd\" data-element_type=\"widget\" data-e-type=\"widget\" data-settings=\"{&quot;template_id&quot;:367,&quot;_skin&quot;:&quot;post&quot;,&quot;slides_to_show&quot;:&quot;3&quot;,&quot;slides_to_show_laptop&quot;:&quot;3&quot;,&quot;slides_to_show_tablet&quot;:&quot;2&quot;,&quot;slides_to_show_mobile&quot;:&quot;1&quot;,&quot;slides_to_scroll&quot;:&quot;1&quot;,&quot;edit_handle_selector&quot;:&quot;.elementor-loop-container&quot;,&quot;autoplay&quot;:&quot;yes&quot;,&quot;autoplay_speed&quot;:5000,&quot;pause_on_hover&quot;:&quot;yes&quot;,&quot;pause_on_interaction&quot;:&quot;yes&quot;,&quot;infinite&quot;:&quot;yes&quot;,&quot;speed&quot;:500,&quot;offset_sides&quot;:&quot;none&quot;,&quot;pagination&quot;:&quot;bullets&quot;,&quot;image_spacing_custom&quot;:{&quot;unit&quot;:&quot;px&quot;,&quot;size&quot;:10,&quot;sizes&quot;:[]},&quot;image_spacing_custom_laptop&quot;:{&quot;unit&quot;:&quot;px&quot;,&quot;size&quot;:&quot;&quot;,&quot;sizes&quot;:[]},&quot;image_spacing_custom_tablet&quot;:{&quot;unit&quot;:&quot;px&quot;,&quot;size&quot;:&quot;&quot;,&quot;sizes&quot;:[]},&quot;image_spacing_custom_mobile&quot;:{&quot;unit&quot;:&quot;px&quot;,&quot;size&quot;:&quot;&quot;,&quot;sizes&quot;:[]}}\" data-widget_type=\"loop-carousel.post\">\n\t\t\t\t<div class=\"elementor-widget-container\">\n\t\t\t\t\t\t\t<div class=\"e-loop-nothing-found-message\">\n\t\t<\/div>\n\t\t\t\t\t\t<\/div>\n\t\t\t\t<\/div>\n\t\t\t\t\t<\/div>\n\t\t\t\t<\/div>\n\t\t\t\t\t<\/div>\n\t\t\t\t<\/div>\n\t\t\t\t<\/div>\n\t\t","protected":false},"excerpt":{"rendered":"<p>Wo Leidenschaft auf Talent trifft! Ihre Karriere bei QualiVision QualiVision AG ist ein Unternehmen der Baumer Group und bietet L\u00f6sungen und Dienstleistungen f\u00fcr die automatische Qualit\u00e4tssicherung, Machine Vision, Prozessoptimierung und Automatisierung. Modulare L\u00f6sungen und die konsequente Weiterentwicklung unserer Produkte und Dienstleistungen sind die Grundlage daf\u00fcr. Wir sind stolz darauf, dass wir uns auf die Bed\u00fcrfnisse [&hellip;]<\/p>\n","protected":false},"author":1,"featured_media":0,"parent":0,"menu_order":0,"comment_status":"closed","ping_status":"closed","template":"elementor_header_footer","meta":{"_acf_changed":false,"footnotes":""},"class_list":["post-3156","page","type-page","status-publish","hentry"],"acf":[],"yoast_head":"<!-- This site is optimized with the Yoast SEO plugin v27.1.1 - https:\/\/yoast.com\/product\/yoast-seo-wordpress\/ -->\n<title>Karriere - QualiVision<\/title>\n<meta name=\"robots\" content=\"index, follow, max-snippet:-1, max-image-preview:large, max-video-preview:-1\" \/>\n<link rel=\"canonical\" href=\"https:\/\/www.qualivision.ch\/de\/karriere\/\" \/>\n<meta property=\"og:locale\" content=\"de_DE\" \/>\n<meta property=\"og:type\" content=\"article\" \/>\n<meta property=\"og:title\" content=\"Karriere - QualiVision\" \/>\n<meta property=\"og:description\" content=\"Wo Leidenschaft auf Talent trifft! Ihre Karriere bei QualiVision QualiVision AG ist ein Unternehmen der Baumer Group und bietet L\u00f6sungen und Dienstleistungen f\u00fcr die automatische Qualit\u00e4tssicherung, Machine Vision, Prozessoptimierung und Automatisierung. Modulare L\u00f6sungen und die konsequente Weiterentwicklung unserer Produkte und Dienstleistungen sind die Grundlage daf\u00fcr. Wir sind stolz darauf, dass wir uns auf die Bed\u00fcrfnisse [&hellip;]\" \/>\n<meta property=\"og:url\" content=\"https:\/\/www.qualivision.ch\/de\/karriere\/\" \/>\n<meta property=\"og:site_name\" content=\"QualiVision\" \/>\n<meta property=\"article:modified_time\" content=\"2024-06-20T13:17:19+00:00\" \/>\n<meta name=\"twitter:card\" content=\"summary_large_image\" \/>\n<meta name=\"twitter:label1\" content=\"Gesch\u00e4tzte Lesezeit\" \/>\n\t<meta name=\"twitter:data1\" content=\"1\u00a0Minute\" \/>\n<script type=\"application\/ld+json\" class=\"yoast-schema-graph\">{\"@context\":\"https:\/\/schema.org\",\"@graph\":[{\"@type\":\"WebPage\",\"@id\":\"https:\/\/www.qualivision.ch\/de\/karriere\/\",\"url\":\"https:\/\/www.qualivision.ch\/de\/karriere\/\",\"name\":\"Karriere - QualiVision\",\"isPartOf\":{\"@id\":\"https:\/\/www.qualivision.ch\/de\/#website\"},\"datePublished\":\"2024-02-26T14:11:43+00:00\",\"dateModified\":\"2024-06-20T13:17:19+00:00\",\"breadcrumb\":{\"@id\":\"https:\/\/www.qualivision.ch\/de\/karriere\/#breadcrumb\"},\"inLanguage\":\"de\",\"potentialAction\":[{\"@type\":\"ReadAction\",\"target\":[\"https:\/\/www.qualivision.ch\/de\/karriere\/\"]}]},{\"@type\":\"BreadcrumbList\",\"@id\":\"https:\/\/www.qualivision.ch\/de\/karriere\/#breadcrumb\",\"itemListElement\":[{\"@type\":\"ListItem\",\"position\":1,\"name\":\"Home\",\"item\":\"https:\/\/staging.qualivision.ch\/de\/home\/\"},{\"@type\":\"ListItem\",\"position\":2,\"name\":\"Karriere\"}]},{\"@type\":\"WebSite\",\"@id\":\"https:\/\/www.qualivision.ch\/de\/#website\",\"url\":\"https:\/\/www.qualivision.ch\/de\/\",\"name\":\"QualiVision\",\"description\":\"\",\"publisher\":{\"@id\":\"https:\/\/www.qualivision.ch\/de\/#organization\"},\"potentialAction\":[{\"@type\":\"SearchAction\",\"target\":{\"@type\":\"EntryPoint\",\"urlTemplate\":\"https:\/\/www.qualivision.ch\/de\/?s={search_term_string}\"},\"query-input\":{\"@type\":\"PropertyValueSpecification\",\"valueRequired\":true,\"valueName\":\"search_term_string\"}}],\"inLanguage\":\"de\"},{\"@type\":\"Organization\",\"@id\":\"https:\/\/www.qualivision.ch\/de\/#organization\",\"name\":\"QualiVision\",\"url\":\"https:\/\/www.qualivision.ch\/de\/\",\"logo\":{\"@type\":\"ImageObject\",\"inLanguage\":\"de\",\"@id\":\"https:\/\/www.qualivision.ch\/de\/#\/schema\/logo\/image\/\",\"url\":\"https:\/\/www.qualivision.ch\/wp-content\/uploads\/2024\/01\/Logo_qv.png\",\"contentUrl\":\"https:\/\/www.qualivision.ch\/wp-content\/uploads\/2024\/01\/Logo_qv.png\",\"width\":261,\"height\":185,\"caption\":\"QualiVision\"},\"image\":{\"@id\":\"https:\/\/www.qualivision.ch\/de\/#\/schema\/logo\/image\/\"},\"sameAs\":[\"https:\/\/ch.linkedin.com\/company\/qualivision-ag\",\"https:\/\/www.youtube.com\/@qualivisionag6176\"]}]}<\/script>\n<!-- \/ Yoast SEO plugin. -->","yoast_head_json":{"title":"Karriere - QualiVision","robots":{"index":"index","follow":"follow","max-snippet":"max-snippet:-1","max-image-preview":"max-image-preview:large","max-video-preview":"max-video-preview:-1"},"canonical":"https:\/\/www.qualivision.ch\/de\/karriere\/","og_locale":"de_DE","og_type":"article","og_title":"Karriere - QualiVision","og_description":"Wo Leidenschaft auf Talent trifft! Ihre Karriere bei QualiVision QualiVision AG ist ein Unternehmen der Baumer Group und bietet L\u00f6sungen und Dienstleistungen f\u00fcr die automatische Qualit\u00e4tssicherung, Machine Vision, Prozessoptimierung und Automatisierung. Modulare L\u00f6sungen und die konsequente Weiterentwicklung unserer Produkte und Dienstleistungen sind die Grundlage daf\u00fcr. Wir sind stolz darauf, dass wir uns auf die Bed\u00fcrfnisse [&hellip;]","og_url":"https:\/\/www.qualivision.ch\/de\/karriere\/","og_site_name":"QualiVision","article_modified_time":"2024-06-20T13:17:19+00:00","twitter_card":"summary_large_image","twitter_misc":{"Gesch\u00e4tzte Lesezeit":"1\u00a0Minute"},"schema":{"@context":"https:\/\/schema.org","@graph":[{"@type":"WebPage","@id":"https:\/\/www.qualivision.ch\/de\/karriere\/","url":"https:\/\/www.qualivision.ch\/de\/karriere\/","name":"Karriere - QualiVision","isPartOf":{"@id":"https:\/\/www.qualivision.ch\/de\/#website"},"datePublished":"2024-02-26T14:11:43+00:00","dateModified":"2024-06-20T13:17:19+00:00","breadcrumb":{"@id":"https:\/\/www.qualivision.ch\/de\/karriere\/#breadcrumb"},"inLanguage":"de","potentialAction":[{"@type":"ReadAction","target":["https:\/\/www.qualivision.ch\/de\/karriere\/"]}]},{"@type":"BreadcrumbList","@id":"https:\/\/www.qualivision.ch\/de\/karriere\/#breadcrumb","itemListElement":[{"@type":"ListItem","position":1,"name":"Home","item":"https:\/\/staging.qualivision.ch\/de\/home\/"},{"@type":"ListItem","position":2,"name":"Karriere"}]},{"@type":"WebSite","@id":"https:\/\/www.qualivision.ch\/de\/#website","url":"https:\/\/www.qualivision.ch\/de\/","name":"QualiVision","description":"","publisher":{"@id":"https:\/\/www.qualivision.ch\/de\/#organization"},"potentialAction":[{"@type":"SearchAction","target":{"@type":"EntryPoint","urlTemplate":"https:\/\/www.qualivision.ch\/de\/?s={search_term_string}"},"query-input":{"@type":"PropertyValueSpecification","valueRequired":true,"valueName":"search_term_string"}}],"inLanguage":"de"},{"@type":"Organization","@id":"https:\/\/www.qualivision.ch\/de\/#organization","name":"QualiVision","url":"https:\/\/www.qualivision.ch\/de\/","logo":{"@type":"ImageObject","inLanguage":"de","@id":"https:\/\/www.qualivision.ch\/de\/#\/schema\/logo\/image\/","url":"https:\/\/www.qualivision.ch\/wp-content\/uploads\/2024\/01\/Logo_qv.png","contentUrl":"https:\/\/www.qualivision.ch\/wp-content\/uploads\/2024\/01\/Logo_qv.png","width":261,"height":185,"caption":"QualiVision"},"image":{"@id":"https:\/\/www.qualivision.ch\/de\/#\/schema\/logo\/image\/"},"sameAs":["https:\/\/ch.linkedin.com\/company\/qualivision-ag","https:\/\/www.youtube.com\/@qualivisionag6176"]}]}},"_links":{"self":[{"href":"https:\/\/www.qualivision.ch\/de\/wp-json\/wp\/v2\/pages\/3156","targetHints":{"allow":["GET"]}}],"collection":[{"href":"https:\/\/www.qualivision.ch\/de\/wp-json\/wp\/v2\/pages"}],"about":[{"href":"https:\/\/www.qualivision.ch\/de\/wp-json\/wp\/v2\/types\/page"}],"author":[{"embeddable":true,"href":"https:\/\/www.qualivision.ch\/de\/wp-json\/wp\/v2\/users\/1"}],"replies":[{"embeddable":true,"href":"https:\/\/www.qualivision.ch\/de\/wp-json\/wp\/v2\/comments?post=3156"}],"version-history":[{"count":12,"href":"https:\/\/www.qualivision.ch\/de\/wp-json\/wp\/v2\/pages\/3156\/revisions"}],"predecessor-version":[{"id":9287,"href":"https:\/\/www.qualivision.ch\/de\/wp-json\/wp\/v2\/pages\/3156\/revisions\/9287"}],"wp:attachment":[{"href":"https:\/\/www.qualivision.ch\/de\/wp-json\/wp\/v2\/media?parent=3156"}],"curies":[{"name":"wp","href":"https:\/\/api.w.org\/{rel}","templated":true}]}}