{"id":5627,"date":"2024-04-22T12:57:30","date_gmt":"2024-04-22T12:57:30","guid":{"rendered":"https:\/\/wwp.qualivision.ch\/baumer-group\/"},"modified":"2026-03-04T13:51:05","modified_gmt":"2026-03-04T13:51:05","slug":"baumer-group","status":"publish","type":"page","link":"https:\/\/www.qualivision.ch\/de\/baumer-group\/","title":{"rendered":"Baumer Group"},"content":{"rendered":"\t\t<div data-elementor-type=\"wp-page\" data-elementor-id=\"5627\" class=\"elementor elementor-5627 elementor-4550\" data-elementor-post-type=\"page\">\n\t\t\t\t<div data-particle_enable=\"false\" data-particle-mobile-disabled=\"false\" class=\"elementor-element elementor-element-ca1a790 e-flex e-con-boxed e-con e-parent\" data-id=\"ca1a790\" data-element_type=\"container\" data-e-type=\"container\">\n\t\t\t\t\t<div class=\"e-con-inner\">\n\t\t\t\t<div class=\"elementor-element elementor-element-8379e70 elementor-widget elementor-widget-heading\" data-id=\"8379e70\" data-element_type=\"widget\" data-e-type=\"widget\" data-widget_type=\"heading.default\">\n\t\t\t\t<div class=\"elementor-widget-container\">\n\t\t\t\t\t<h2 class=\"elementor-heading-title elementor-size-default\">Baumer Group<\/h2>\t\t\t\t<\/div>\n\t\t\t\t<\/div>\n\t\t\t\t<div class=\"elementor-element elementor-element-fe9fd23 elementor-widget-divider--view-line elementor-widget elementor-widget-divider\" data-id=\"fe9fd23\" data-element_type=\"widget\" data-e-type=\"widget\" data-widget_type=\"divider.default\">\n\t\t\t\t<div class=\"elementor-widget-container\">\n\t\t\t\t\t\t\t<div class=\"elementor-divider\">\n\t\t\t<span class=\"elementor-divider-separator\">\n\t\t\t\t\t\t<\/span>\n\t\t<\/div>\n\t\t\t\t\t\t<\/div>\n\t\t\t\t<\/div>\n\t\t\t\t<div class=\"elementor-element elementor-element-9052f0f elementor-widget__width-initial elementor-widget elementor-widget-text-editor\" data-id=\"9052f0f\" data-element_type=\"widget\" data-e-type=\"widget\" data-widget_type=\"text-editor.default\">\n\t\t\t\t<div class=\"elementor-widget-container\">\n\t\t\t\t\t\t\t\t\t<p style=\"text-align: justify;\">Seit 2000 sind wir Mitglied der Baumer Group, die ihren Hauptsitz in Frauenfeld, Schweiz, hat.<\/p>\t\t\t\t\t\t\t\t<\/div>\n\t\t\t\t<\/div>\n\t\t\t\t<div class=\"elementor-element elementor-element-2a472d8 elementor-widget elementor-widget-image\" data-id=\"2a472d8\" data-element_type=\"widget\" data-e-type=\"widget\" data-widget_type=\"image.default\">\n\t\t\t\t<div class=\"elementor-widget-container\">\n\t\t\t\t\t\t\t\t\t\t\t\t\t\t\t<img fetchpriority=\"high\" decoding=\"async\" width=\"1440\" height=\"450\" src=\"https:\/\/www.qualivision.ch\/wp-content\/uploads\/2024\/06\/Baumer.webp\" class=\"attachment-full size-full wp-image-9384\" alt=\"\" srcset=\"https:\/\/www.qualivision.ch\/wp-content\/uploads\/2024\/06\/Baumer.webp 1440w, https:\/\/www.qualivision.ch\/wp-content\/uploads\/2024\/06\/Baumer-300x94.webp 300w, https:\/\/www.qualivision.ch\/wp-content\/uploads\/2024\/06\/Baumer-1024x320.webp 1024w, https:\/\/www.qualivision.ch\/wp-content\/uploads\/2024\/06\/Baumer-768x240.webp 768w\" sizes=\"(max-width: 1440px) 100vw, 1440px\" \/>\t\t\t\t\t\t\t\t\t\t\t\t\t\t\t<\/div>\n\t\t\t\t<\/div>\n\t\t\t\t<div class=\"elementor-element elementor-element-53979e1 elementor-widget__width-initial elementor-widget elementor-widget-text-editor\" data-id=\"53979e1\" data-element_type=\"widget\" data-e-type=\"widget\" data-widget_type=\"text-editor.default\">\n\t\t\t\t<div class=\"elementor-widget-container\">\n\t\t\t\t\t\t\t\t\t<p class=\"bodytext\" style=\"text-align: justify;\">Zur Baumer Group geh\u00f6ren verschiedene Unternehmen, die auf die Gesch\u00e4ftsbereiche (Produktsegmente) Sensor Solutions, Motion Control, Vision Technologies, Process Instrumentation und Gluing Systems spezialisiert sind. Die Baumer Group ist einer der weltweit f\u00fchrenden Hersteller von Pr\u00e4zisionssensoren, Winkelsensoren, Prozessmesstechnik, Klebesystemen und innovativen Imaging-L\u00f6sungen f\u00fcr industrielle Anwendungen.<\/p>\t\t\t\t\t\t\t\t<\/div>\n\t\t\t\t<\/div>\n\t\t\t\t\t<\/div>\n\t\t\t\t<\/div>\n\t\t<div data-particle_enable=\"false\" data-particle-mobile-disabled=\"false\" class=\"elementor-element elementor-element-337fb00 e-flex e-con-boxed e-con e-parent\" data-id=\"337fb00\" data-element_type=\"container\" data-e-type=\"container\">\n\t\t\t\t\t<div class=\"e-con-inner\">\n\t\t<div data-particle_enable=\"false\" data-particle-mobile-disabled=\"false\" class=\"elementor-element elementor-element-ae9b50f e-con-full e-flex e-con e-child\" data-id=\"ae9b50f\" data-element_type=\"container\" data-e-type=\"container\" data-settings=\"{&quot;background_background&quot;:&quot;classic&quot;}\">\n\t\t\t\t<div class=\"elementor-element elementor-element-0d82983 elementor-widget elementor-widget-image\" data-id=\"0d82983\" data-element_type=\"widget\" data-e-type=\"widget\" data-widget_type=\"image.default\">\n\t\t\t\t<div class=\"elementor-widget-container\">\n\t\t\t\t\t\t\t\t\t\t\t\t\t\t\t<img decoding=\"async\" width=\"2560\" height=\"1707\" src=\"https:\/\/www.qualivision.ch\/wp-content\/uploads\/2024\/04\/partnership-blue-collar-shutterstock_2041947953-scaled.jpg\" class=\"attachment-full size-full wp-image-4661\" alt=\"\" srcset=\"https:\/\/www.qualivision.ch\/wp-content\/uploads\/2024\/04\/partnership-blue-collar-shutterstock_2041947953-scaled.jpg 2560w, https:\/\/www.qualivision.ch\/wp-content\/uploads\/2024\/04\/partnership-blue-collar-shutterstock_2041947953-300x200.jpg 300w, https:\/\/www.qualivision.ch\/wp-content\/uploads\/2024\/04\/partnership-blue-collar-shutterstock_2041947953-1024x683.jpg 1024w, https:\/\/www.qualivision.ch\/wp-content\/uploads\/2024\/04\/partnership-blue-collar-shutterstock_2041947953-768x512.jpg 768w, https:\/\/www.qualivision.ch\/wp-content\/uploads\/2024\/04\/partnership-blue-collar-shutterstock_2041947953-1536x1024.jpg 1536w, https:\/\/www.qualivision.ch\/wp-content\/uploads\/2024\/04\/partnership-blue-collar-shutterstock_2041947953-2048x1365.jpg 2048w\" sizes=\"(max-width: 2560px) 100vw, 2560px\" \/>\t\t\t\t\t\t\t\t\t\t\t\t\t\t\t<\/div>\n\t\t\t\t<\/div>\n\t\t\t\t<\/div>\n\t\t<div data-particle_enable=\"false\" data-particle-mobile-disabled=\"false\" class=\"elementor-element elementor-element-529cda5 e-con-full e-flex e-con e-child\" data-id=\"529cda5\" data-element_type=\"container\" data-e-type=\"container\">\n\t\t\t\t<div class=\"elementor-element elementor-element-c77b769 elementor-widget elementor-widget-heading\" data-id=\"c77b769\" data-element_type=\"widget\" data-e-type=\"widget\" data-widget_type=\"heading.default\">\n\t\t\t\t<div class=\"elementor-widget-container\">\n\t\t\t\t\t<h2 class=\"elementor-heading-title elementor-size-default\">Partnerschaft<\/h2>\t\t\t\t<\/div>\n\t\t\t\t<\/div>\n\t\t\t\t<div class=\"elementor-element elementor-element-5f0aa22 elementor-widget__width-initial elementor-widget elementor-widget-text-editor\" data-id=\"5f0aa22\" data-element_type=\"widget\" data-e-type=\"widget\" data-widget_type=\"text-editor.default\">\n\t\t\t\t<div class=\"elementor-widget-container\">\n\t\t\t\t\t\t\t\t\t<p style=\"text-align: justify;\">Wir h\u00f6ren unseren Kunden zu und arbeiten eng mit ihnen zusammen. Bei einer optimalen Marktpr\u00e4senz ergeben sich viele L\u00f6sungen aus einer individuellen Beratung F\u00fcr uns ist keine Herausforderung zu gro\u00df, kein Detail zu unbedeutend.<\/p>\t\t\t\t\t\t\t\t<\/div>\n\t\t\t\t<\/div>\n\t\t\t\t<\/div>\n\t\t\t\t\t<\/div>\n\t\t\t\t<\/div>\n\t\t<div data-particle_enable=\"false\" data-particle-mobile-disabled=\"false\" class=\"elementor-element elementor-element-958f6d2 e-flex e-con-boxed e-con e-parent\" data-id=\"958f6d2\" data-element_type=\"container\" data-e-type=\"container\">\n\t\t\t\t\t<div class=\"e-con-inner\">\n\t\t<div data-particle_enable=\"false\" data-particle-mobile-disabled=\"false\" class=\"elementor-element elementor-element-8237ebc e-con-full e-flex e-con e-child\" data-id=\"8237ebc\" data-element_type=\"container\" data-e-type=\"container\" data-settings=\"{&quot;background_background&quot;:&quot;classic&quot;}\">\n\t\t\t\t<div class=\"elementor-element elementor-element-4387b8a elementor-widget elementor-widget-image\" data-id=\"4387b8a\" data-element_type=\"widget\" data-e-type=\"widget\" data-widget_type=\"image.default\">\n\t\t\t\t<div class=\"elementor-widget-container\">\n\t\t\t\t\t\t\t\t\t\t\t\t\t\t\t<img decoding=\"async\" width=\"1680\" height=\"525\" src=\"https:\/\/www.qualivision.ch\/wp-content\/uploads\/2024\/06\/Baumer_Precission-e1718952270314.webp\" class=\"attachment-full size-full wp-image-9386\" alt=\"\" \/>\t\t\t\t\t\t\t\t\t\t\t\t\t\t\t<\/div>\n\t\t\t\t<\/div>\n\t\t\t\t<\/div>\n\t\t<div data-particle_enable=\"false\" data-particle-mobile-disabled=\"false\" class=\"elementor-element elementor-element-8623e68 e-con-full e-flex e-con e-child\" data-id=\"8623e68\" data-element_type=\"container\" data-e-type=\"container\">\n\t\t\t\t<div class=\"elementor-element elementor-element-14cbd5a elementor-widget elementor-widget-heading\" data-id=\"14cbd5a\" data-element_type=\"widget\" data-e-type=\"widget\" data-widget_type=\"heading.default\">\n\t\t\t\t<div class=\"elementor-widget-container\">\n\t\t\t\t\t<h2 class=\"elementor-heading-title elementor-size-default\">Pr\u00e4zision<\/h2>\t\t\t\t<\/div>\n\t\t\t\t<\/div>\n\t\t\t\t<div class=\"elementor-element elementor-element-5784eb8 elementor-widget__width-initial elementor-widget elementor-widget-text-editor\" data-id=\"5784eb8\" data-element_type=\"widget\" data-e-type=\"widget\" data-widget_type=\"text-editor.default\">\n\t\t\t\t<div class=\"elementor-widget-container\">\n\t\t\t\t\t\t\t\t\t<p style=\"text-align: justify;\">Qualit\u00e4t hat bei Baumer Tradition. Extreme Genauigkeit und Zuverl\u00e4ssigkeit kennzeichnen die anspruchsvollen Produkte und L\u00f6sungen, die wir f\u00fcr unsere Kunden entwickeln.<\/p>\t\t\t\t\t\t\t\t<\/div>\n\t\t\t\t<\/div>\n\t\t\t\t<\/div>\n\t\t\t\t\t<\/div>\n\t\t\t\t<\/div>\n\t\t<div data-particle_enable=\"false\" data-particle-mobile-disabled=\"false\" class=\"elementor-element elementor-element-26f9b88 e-flex e-con-boxed e-con e-parent\" data-id=\"26f9b88\" data-element_type=\"container\" data-e-type=\"container\">\n\t\t\t\t\t<div class=\"e-con-inner\">\n\t\t<div data-particle_enable=\"false\" data-particle-mobile-disabled=\"false\" class=\"elementor-element elementor-element-89e4105 e-con-full e-flex e-con e-child\" data-id=\"89e4105\" data-element_type=\"container\" data-e-type=\"container\" data-settings=\"{&quot;background_background&quot;:&quot;classic&quot;}\">\n\t\t\t\t<div class=\"elementor-element elementor-element-a1d7f01 elementor-widget elementor-widget-image\" data-id=\"a1d7f01\" data-element_type=\"widget\" data-e-type=\"widget\" data-widget_type=\"image.default\">\n\t\t\t\t<div class=\"elementor-widget-container\">\n\t\t\t\t\t\t\t\t\t\t\t\t\t\t\t<img loading=\"lazy\" decoding=\"async\" width=\"1000\" height=\"687\" src=\"https:\/\/www.qualivision.ch\/wp-content\/uploads\/2024\/03\/Track-and-Trace_4_small.jpeg\" class=\"attachment-full size-full wp-image-9331\" alt=\"\" srcset=\"https:\/\/www.qualivision.ch\/wp-content\/uploads\/2024\/03\/Track-and-Trace_4_small.jpeg 1000w, https:\/\/www.qualivision.ch\/wp-content\/uploads\/2024\/03\/Track-and-Trace_4_small-300x206.jpeg 300w, https:\/\/www.qualivision.ch\/wp-content\/uploads\/2024\/03\/Track-and-Trace_4_small-768x528.jpeg 768w\" sizes=\"(max-width: 1000px) 100vw, 1000px\" \/>\t\t\t\t\t\t\t\t\t\t\t\t\t\t\t<\/div>\n\t\t\t\t<\/div>\n\t\t\t\t<\/div>\n\t\t<div data-particle_enable=\"false\" data-particle-mobile-disabled=\"false\" class=\"elementor-element elementor-element-35fd6e3 e-con-full e-flex e-con e-child\" data-id=\"35fd6e3\" data-element_type=\"container\" data-e-type=\"container\">\n\t\t\t\t<div class=\"elementor-element elementor-element-398f235 elementor-widget elementor-widget-heading\" data-id=\"398f235\" data-element_type=\"widget\" data-e-type=\"widget\" data-widget_type=\"heading.default\">\n\t\t\t\t<div class=\"elementor-widget-container\">\n\t\t\t\t\t<h2 class=\"elementor-heading-title elementor-size-default\">Pionierhaft<\/h2>\t\t\t\t<\/div>\n\t\t\t\t<\/div>\n\t\t\t\t<div class=\"elementor-element elementor-element-f6bb97f elementor-widget__width-initial elementor-widget elementor-widget-text-editor\" data-id=\"f6bb97f\" data-element_type=\"widget\" data-e-type=\"widget\" data-widget_type=\"text-editor.default\">\n\t\t\t\t<div class=\"elementor-widget-container\">\n\t\t\t\t\t\t\t\t\t<p style=\"text-align: justify;\">Unser Ziel ist es, der Konkurrenz immer einen Schritt voraus zu sein. Wir antizipieren die Bed\u00fcrfnisse unserer Kunden sowie der zuk\u00fcnftigen M\u00e4rkte und erweitern unser Produktprogramm kontinuierlich.<\/p>\t\t\t\t\t\t\t\t<\/div>\n\t\t\t\t<\/div>\n\t\t\t\t<\/div>\n\t\t\t\t\t<\/div>\n\t\t\t\t<\/div>\n\t\t\t\t<\/div>\n\t\t","protected":false},"excerpt":{"rendered":"<p>Baumer Group Seit 2000 sind wir Mitglied der Baumer Group, die ihren Hauptsitz in Frauenfeld, Schweiz, hat. Zur Baumer Group geh\u00f6ren verschiedene Unternehmen, die auf die Gesch\u00e4ftsbereiche (Produktsegmente) Sensor Solutions, Motion Control, Vision Technologies, Process Instrumentation und Gluing Systems spezialisiert sind. Die Baumer Group ist einer der weltweit f\u00fchrenden Hersteller von Pr\u00e4zisionssensoren, Winkelsensoren, Prozessmesstechnik, Klebesystemen [&hellip;]<\/p>\n","protected":false},"author":1,"featured_media":0,"parent":0,"menu_order":0,"comment_status":"closed","ping_status":"closed","template":"","meta":{"_acf_changed":false,"footnotes":""},"class_list":["post-5627","page","type-page","status-publish","hentry"],"acf":[],"yoast_head":"<!-- This site is optimized with the Yoast SEO plugin v27.1.1 - https:\/\/yoast.com\/product\/yoast-seo-wordpress\/ -->\n<title>Baumer Group - QualiVision<\/title>\n<meta name=\"robots\" content=\"index, follow, max-snippet:-1, max-image-preview:large, max-video-preview:-1\" \/>\n<link rel=\"canonical\" href=\"https:\/\/www.qualivision.ch\/de\/baumer-group\/\" \/>\n<meta property=\"og:locale\" content=\"de_DE\" \/>\n<meta property=\"og:type\" content=\"article\" \/>\n<meta property=\"og:title\" content=\"Baumer Group - QualiVision\" \/>\n<meta property=\"og:description\" content=\"Baumer Group Seit 2000 sind wir Mitglied der Baumer Group, die ihren Hauptsitz in Frauenfeld, Schweiz, hat. Zur Baumer Group geh\u00f6ren verschiedene Unternehmen, die auf die Gesch\u00e4ftsbereiche (Produktsegmente) Sensor Solutions, Motion Control, Vision Technologies, Process Instrumentation und Gluing Systems spezialisiert sind. Die Baumer Group ist einer der weltweit f\u00fchrenden Hersteller von Pr\u00e4zisionssensoren, Winkelsensoren, Prozessmesstechnik, Klebesystemen [&hellip;]\" \/>\n<meta property=\"og:url\" content=\"https:\/\/www.qualivision.ch\/de\/baumer-group\/\" \/>\n<meta property=\"og:site_name\" content=\"QualiVision\" \/>\n<meta property=\"article:modified_time\" content=\"2026-03-04T13:51:05+00:00\" \/>\n<meta property=\"og:image\" content=\"https:\/\/www.qualivision.ch\/wp-content\/uploads\/2024\/06\/Baumer.webp\" \/>\n<meta name=\"twitter:card\" content=\"summary_large_image\" \/>\n<meta name=\"twitter:label1\" content=\"Gesch\u00e4tzte Lesezeit\" \/>\n\t<meta name=\"twitter:data1\" content=\"1\u00a0Minute\" \/>\n<script type=\"application\/ld+json\" class=\"yoast-schema-graph\">{\"@context\":\"https:\/\/schema.org\",\"@graph\":[{\"@type\":\"WebPage\",\"@id\":\"https:\/\/www.qualivision.ch\/de\/baumer-group\/\",\"url\":\"https:\/\/www.qualivision.ch\/de\/baumer-group\/\",\"name\":\"Baumer Group - QualiVision\",\"isPartOf\":{\"@id\":\"https:\/\/www.qualivision.ch\/de\/#website\"},\"primaryImageOfPage\":{\"@id\":\"https:\/\/www.qualivision.ch\/de\/baumer-group\/#primaryimage\"},\"image\":{\"@id\":\"https:\/\/www.qualivision.ch\/de\/baumer-group\/#primaryimage\"},\"thumbnailUrl\":\"https:\/\/www.qualivision.ch\/wp-content\/uploads\/2024\/06\/Baumer.webp\",\"datePublished\":\"2024-04-22T12:57:30+00:00\",\"dateModified\":\"2026-03-04T13:51:05+00:00\",\"breadcrumb\":{\"@id\":\"https:\/\/www.qualivision.ch\/de\/baumer-group\/#breadcrumb\"},\"inLanguage\":\"de\",\"potentialAction\":[{\"@type\":\"ReadAction\",\"target\":[\"https:\/\/www.qualivision.ch\/de\/baumer-group\/\"]}]},{\"@type\":\"ImageObject\",\"inLanguage\":\"de\",\"@id\":\"https:\/\/www.qualivision.ch\/de\/baumer-group\/#primaryimage\",\"url\":\"https:\/\/www.qualivision.ch\/wp-content\/uploads\/2024\/06\/Baumer.webp\",\"contentUrl\":\"https:\/\/www.qualivision.ch\/wp-content\/uploads\/2024\/06\/Baumer.webp\"},{\"@type\":\"BreadcrumbList\",\"@id\":\"https:\/\/www.qualivision.ch\/de\/baumer-group\/#breadcrumb\",\"itemListElement\":[{\"@type\":\"ListItem\",\"position\":1,\"name\":\"Home\",\"item\":\"https:\/\/staging.qualivision.ch\/de\/home\/\"},{\"@type\":\"ListItem\",\"position\":2,\"name\":\"Baumer Group\"}]},{\"@type\":\"WebSite\",\"@id\":\"https:\/\/www.qualivision.ch\/de\/#website\",\"url\":\"https:\/\/www.qualivision.ch\/de\/\",\"name\":\"QualiVision\",\"description\":\"\",\"publisher\":{\"@id\":\"https:\/\/www.qualivision.ch\/de\/#organization\"},\"potentialAction\":[{\"@type\":\"SearchAction\",\"target\":{\"@type\":\"EntryPoint\",\"urlTemplate\":\"https:\/\/www.qualivision.ch\/de\/?s={search_term_string}\"},\"query-input\":{\"@type\":\"PropertyValueSpecification\",\"valueRequired\":true,\"valueName\":\"search_term_string\"}}],\"inLanguage\":\"de\"},{\"@type\":\"Organization\",\"@id\":\"https:\/\/www.qualivision.ch\/de\/#organization\",\"name\":\"QualiVision\",\"url\":\"https:\/\/www.qualivision.ch\/de\/\",\"logo\":{\"@type\":\"ImageObject\",\"inLanguage\":\"de\",\"@id\":\"https:\/\/www.qualivision.ch\/de\/#\/schema\/logo\/image\/\",\"url\":\"https:\/\/www.qualivision.ch\/wp-content\/uploads\/2024\/01\/Logo_qv.png\",\"contentUrl\":\"https:\/\/www.qualivision.ch\/wp-content\/uploads\/2024\/01\/Logo_qv.png\",\"width\":261,\"height\":185,\"caption\":\"QualiVision\"},\"image\":{\"@id\":\"https:\/\/www.qualivision.ch\/de\/#\/schema\/logo\/image\/\"},\"sameAs\":[\"https:\/\/ch.linkedin.com\/company\/qualivision-ag\",\"https:\/\/www.youtube.com\/@qualivisionag6176\"]}]}<\/script>\n<!-- \/ Yoast SEO plugin. -->","yoast_head_json":{"title":"Baumer Group - QualiVision","robots":{"index":"index","follow":"follow","max-snippet":"max-snippet:-1","max-image-preview":"max-image-preview:large","max-video-preview":"max-video-preview:-1"},"canonical":"https:\/\/www.qualivision.ch\/de\/baumer-group\/","og_locale":"de_DE","og_type":"article","og_title":"Baumer Group - QualiVision","og_description":"Baumer Group Seit 2000 sind wir Mitglied der Baumer Group, die ihren Hauptsitz in Frauenfeld, Schweiz, hat. Zur Baumer Group geh\u00f6ren verschiedene Unternehmen, die auf die Gesch\u00e4ftsbereiche (Produktsegmente) Sensor Solutions, Motion Control, Vision Technologies, Process Instrumentation und Gluing Systems spezialisiert sind. Die Baumer Group ist einer der weltweit f\u00fchrenden Hersteller von Pr\u00e4zisionssensoren, Winkelsensoren, Prozessmesstechnik, Klebesystemen [&hellip;]","og_url":"https:\/\/www.qualivision.ch\/de\/baumer-group\/","og_site_name":"QualiVision","article_modified_time":"2026-03-04T13:51:05+00:00","og_image":[{"url":"https:\/\/www.qualivision.ch\/wp-content\/uploads\/2024\/06\/Baumer.webp","type":"","width":"","height":""}],"twitter_card":"summary_large_image","twitter_misc":{"Gesch\u00e4tzte Lesezeit":"1\u00a0Minute"},"schema":{"@context":"https:\/\/schema.org","@graph":[{"@type":"WebPage","@id":"https:\/\/www.qualivision.ch\/de\/baumer-group\/","url":"https:\/\/www.qualivision.ch\/de\/baumer-group\/","name":"Baumer Group - QualiVision","isPartOf":{"@id":"https:\/\/www.qualivision.ch\/de\/#website"},"primaryImageOfPage":{"@id":"https:\/\/www.qualivision.ch\/de\/baumer-group\/#primaryimage"},"image":{"@id":"https:\/\/www.qualivision.ch\/de\/baumer-group\/#primaryimage"},"thumbnailUrl":"https:\/\/www.qualivision.ch\/wp-content\/uploads\/2024\/06\/Baumer.webp","datePublished":"2024-04-22T12:57:30+00:00","dateModified":"2026-03-04T13:51:05+00:00","breadcrumb":{"@id":"https:\/\/www.qualivision.ch\/de\/baumer-group\/#breadcrumb"},"inLanguage":"de","potentialAction":[{"@type":"ReadAction","target":["https:\/\/www.qualivision.ch\/de\/baumer-group\/"]}]},{"@type":"ImageObject","inLanguage":"de","@id":"https:\/\/www.qualivision.ch\/de\/baumer-group\/#primaryimage","url":"https:\/\/www.qualivision.ch\/wp-content\/uploads\/2024\/06\/Baumer.webp","contentUrl":"https:\/\/www.qualivision.ch\/wp-content\/uploads\/2024\/06\/Baumer.webp"},{"@type":"BreadcrumbList","@id":"https:\/\/www.qualivision.ch\/de\/baumer-group\/#breadcrumb","itemListElement":[{"@type":"ListItem","position":1,"name":"Home","item":"https:\/\/staging.qualivision.ch\/de\/home\/"},{"@type":"ListItem","position":2,"name":"Baumer Group"}]},{"@type":"WebSite","@id":"https:\/\/www.qualivision.ch\/de\/#website","url":"https:\/\/www.qualivision.ch\/de\/","name":"QualiVision","description":"","publisher":{"@id":"https:\/\/www.qualivision.ch\/de\/#organization"},"potentialAction":[{"@type":"SearchAction","target":{"@type":"EntryPoint","urlTemplate":"https:\/\/www.qualivision.ch\/de\/?s={search_term_string}"},"query-input":{"@type":"PropertyValueSpecification","valueRequired":true,"valueName":"search_term_string"}}],"inLanguage":"de"},{"@type":"Organization","@id":"https:\/\/www.qualivision.ch\/de\/#organization","name":"QualiVision","url":"https:\/\/www.qualivision.ch\/de\/","logo":{"@type":"ImageObject","inLanguage":"de","@id":"https:\/\/www.qualivision.ch\/de\/#\/schema\/logo\/image\/","url":"https:\/\/www.qualivision.ch\/wp-content\/uploads\/2024\/01\/Logo_qv.png","contentUrl":"https:\/\/www.qualivision.ch\/wp-content\/uploads\/2024\/01\/Logo_qv.png","width":261,"height":185,"caption":"QualiVision"},"image":{"@id":"https:\/\/www.qualivision.ch\/de\/#\/schema\/logo\/image\/"},"sameAs":["https:\/\/ch.linkedin.com\/company\/qualivision-ag","https:\/\/www.youtube.com\/@qualivisionag6176"]}]}},"_links":{"self":[{"href":"https:\/\/www.qualivision.ch\/de\/wp-json\/wp\/v2\/pages\/5627","targetHints":{"allow":["GET"]}}],"collection":[{"href":"https:\/\/www.qualivision.ch\/de\/wp-json\/wp\/v2\/pages"}],"about":[{"href":"https:\/\/www.qualivision.ch\/de\/wp-json\/wp\/v2\/types\/page"}],"author":[{"embeddable":true,"href":"https:\/\/www.qualivision.ch\/de\/wp-json\/wp\/v2\/users\/1"}],"replies":[{"embeddable":true,"href":"https:\/\/www.qualivision.ch\/de\/wp-json\/wp\/v2\/comments?post=5627"}],"version-history":[{"count":12,"href":"https:\/\/www.qualivision.ch\/de\/wp-json\/wp\/v2\/pages\/5627\/revisions"}],"predecessor-version":[{"id":9395,"href":"https:\/\/www.qualivision.ch\/de\/wp-json\/wp\/v2\/pages\/5627\/revisions\/9395"}],"wp:attachment":[{"href":"https:\/\/www.qualivision.ch\/de\/wp-json\/wp\/v2\/media?parent=5627"}],"curies":[{"name":"wp","href":"https:\/\/api.w.org\/{rel}","templated":true}]}}