{"id":7784,"date":"2024-06-01T12:07:42","date_gmt":"2024-06-01T12:07:42","guid":{"rendered":"https:\/\/wwp.qualivision.ch\/legal-informations\/"},"modified":"2024-06-01T12:26:42","modified_gmt":"2024-06-01T12:26:42","slug":"legal-informations","status":"publish","type":"page","link":"https:\/\/www.qualivision.ch\/de\/legal-informations\/","title":{"rendered":"Impressum"},"content":{"rendered":"\t\t<div data-elementor-type=\"wp-page\" data-elementor-id=\"7784\" class=\"elementor elementor-7784 elementor-7777\" data-elementor-post-type=\"page\">\n\t\t\t\t<div data-particle_enable=\"false\" data-particle-mobile-disabled=\"false\" class=\"elementor-element elementor-element-5071f90 e-flex e-con-boxed e-con e-parent\" data-id=\"5071f90\" data-element_type=\"container\" data-e-type=\"container\" data-settings=\"{&quot;background_background&quot;:&quot;classic&quot;}\">\n\t\t\t\t\t<div class=\"e-con-inner\">\n\t\t<div data-particle_enable=\"false\" data-particle-mobile-disabled=\"false\" class=\"elementor-element elementor-element-7fa5354 e-con-full e-flex e-con e-child\" data-id=\"7fa5354\" data-element_type=\"container\" data-e-type=\"container\" data-settings=\"{&quot;background_background&quot;:&quot;classic&quot;}\">\n\t\t<div data-particle_enable=\"false\" data-particle-mobile-disabled=\"false\" class=\"elementor-element elementor-element-3b5e642 e-flex e-con-boxed e-con e-child\" data-id=\"3b5e642\" data-element_type=\"container\" data-e-type=\"container\">\n\t\t\t\t\t<div class=\"e-con-inner\">\n\t\t\t\t<div class=\"elementor-element elementor-element-ad0d47d elementor-widget__width-inherit elementor-widget elementor-widget-heading\" data-id=\"ad0d47d\" data-element_type=\"widget\" data-e-type=\"widget\" data-widget_type=\"heading.default\">\n\t\t\t\t<div class=\"elementor-widget-container\">\n\t\t\t\t\t<h2 class=\"elementor-heading-title elementor-size-default\">Impressum<\/h2>\t\t\t\t<\/div>\n\t\t\t\t<\/div>\n\t\t\t\t\t<\/div>\n\t\t\t\t<\/div>\n\t\t\t\t<\/div>\n\t\t\t\t\t<\/div>\n\t\t\t\t<\/div>\n\t\t<div data-particle_enable=\"false\" data-particle-mobile-disabled=\"false\" class=\"elementor-element elementor-element-38f8712 e-flex e-con-boxed e-con e-parent\" data-id=\"38f8712\" data-element_type=\"container\" data-e-type=\"container\">\n\t\t\t\t\t<div class=\"e-con-inner\">\n\t\t<div data-particle_enable=\"false\" data-particle-mobile-disabled=\"false\" class=\"elementor-element elementor-element-97a17e7 e-con-full e-flex e-con e-child\" data-id=\"97a17e7\" data-element_type=\"container\" data-e-type=\"container\">\n\t\t\t\t<div class=\"elementor-element elementor-element-5d28c9e elementor-widget elementor-widget-heading\" data-id=\"5d28c9e\" data-element_type=\"widget\" data-e-type=\"widget\" data-widget_type=\"heading.default\">\n\t\t\t\t<div class=\"elementor-widget-container\">\n\t\t\t\t\t<h2 class=\"elementor-heading-title elementor-size-default\">Impressum<\/h2>\t\t\t\t<\/div>\n\t\t\t\t<\/div>\n\t\t\t\t<div class=\"elementor-element elementor-element-008d119 elementor-widget-tablet__width-auto elementor-widget elementor-widget-text-editor\" data-id=\"008d119\" data-element_type=\"widget\" data-e-type=\"widget\" data-widget_type=\"text-editor.default\">\n\t\t\t\t<div class=\"elementor-widget-container\">\n\t\t\t\t\t\t\t\t\t<div id=\"c1163\" class=\"csc-default\">\n<p class=\"bodytext\">QualiVision AG<br \/>T\u00f6distrasse 50<br \/>CH &#8211; 8810 Horgen<\/p>\n<p class=\"bodytext\">Phone + 41 43 500 55 00<\/p>\n<p class=\"bodytext\">E-Mail: <a class=\"mail\" title=\"\u00d6ffnet Fenster zum Versenden einer Email\">info@qualivision.ch<\/a><\/p>\n<p class=\"bodytext\">UID Nr.: CHE-108.706.854<br \/>ZAZ-A<span class=\"Y2IQFc\" lang=\"en\">ccount<\/span>: 5626-0<\/p>\n<p class=\"bodytext\"><strong>Management<\/strong><br \/>Jan Mattm\u00fcller<br \/>Michael Czerny<\/p>\n<\/div>\n\t\t\t\t\t\t\t\t<\/div>\n\t\t\t\t<\/div>\n\t\t\t\t<div class=\"elementor-element elementor-element-644fee7 elementor-widget elementor-widget-heading\" data-id=\"644fee7\" data-element_type=\"widget\" data-e-type=\"widget\" data-widget_type=\"heading.default\">\n\t\t\t\t<div class=\"elementor-widget-container\">\n\t\t\t\t\t<h2 class=\"elementor-heading-title elementor-size-default\">Copyright<\/h2>\t\t\t\t<\/div>\n\t\t\t\t<\/div>\n\t\t\t\t<div class=\"elementor-element elementor-element-7b7c4c3 elementor-widget-tablet__width-auto elementor-widget__width-inherit elementor-widget elementor-widget-text-editor\" data-id=\"7b7c4c3\" data-element_type=\"widget\" data-e-type=\"widget\" data-widget_type=\"text-editor.default\">\n\t\t\t\t<div class=\"elementor-widget-container\">\n\t\t\t\t\t\t\t\t\t<p class=\"bodytext\">Die Vervielf\u00e4ltigung von Informationen, Daten, Texten, Bildern und Grafiken oder Teilen hiervon, deren Verwendung f\u00fcr Handelszwecke oder Verwendung auf anderen Websites bedarf der vorherigen Zustimmung der QualiVision AG.<\/p>\n<p>Auf unserer Website werden eingetragene Marken, Handelsnamen, Gebrauchsmuster und Logos verwendet. Auch wenn diese an den jeweiligen Stellen nicht als solche gekennzeichnet sind, gelten die entsprechenden gesetzlichen Bestimmungen.<\/p>\n<p class=\"bodytext\">Copyright \u00a92024<\/p>\n<p class=\"bodytext\">QualVision AG<br \/>Alle Rechte vorbehalten.<\/p>\n\t\t\t\t\t\t\t\t<\/div>\n\t\t\t\t<\/div>\n\t\t\t\t<\/div>\n\t\t<div data-particle_enable=\"false\" data-particle-mobile-disabled=\"false\" class=\"elementor-element elementor-element-f5950fd e-con-full e-flex e-con e-child\" data-id=\"f5950fd\" data-element_type=\"container\" data-e-type=\"container\">\n\t\t\t\t<div class=\"elementor-element elementor-element-87a0ee1 elementor-widget elementor-widget-heading\" data-id=\"87a0ee1\" data-element_type=\"widget\" data-e-type=\"widget\" data-widget_type=\"heading.default\">\n\t\t\t\t<div class=\"elementor-widget-container\">\n\t\t\t\t\t<h2 class=\"elementor-heading-title elementor-size-default\">Wichtige rechtliche Information<\/h2>\t\t\t\t<\/div>\n\t\t\t\t<\/div>\n\t\t\t\t<div class=\"elementor-element elementor-element-21ffb2a elementor-widget-tablet__width-auto elementor-widget elementor-widget-text-editor\" data-id=\"21ffb2a\" data-element_type=\"widget\" data-e-type=\"widget\" data-widget_type=\"text-editor.default\">\n\t\t\t\t<div class=\"elementor-widget-container\">\n\t\t\t\t\t\t\t\t\t<div id=\"c1163\" class=\"csc-default\">\n<p class=\"bodytext\"><span lang=\"DE\">Mit dem Zugriff auf diese Website und ihre Seiten (nachfolgend die \u201eWebsite\u201c) erkl\u00e4ren Sie, dass Sie mit den folgenden Benutzungsbedingungen (nachfolgend die \u201eNutzungsbedingungen\u201c) einverstanden sind. Sollten Sie mit den Nutzungsbedingungen nicht einverstanden sein, unterlassen Sie bitte den Zugriff auf diese Website<\/span><\/p>\n<\/p>\n<\/div>\n\t\t\t\t\t\t\t\t<\/div>\n\t\t\t\t<\/div>\n\t\t\t\t<div class=\"elementor-element elementor-element-6fb81d9 elementor-widget elementor-widget-heading\" data-id=\"6fb81d9\" data-element_type=\"widget\" data-e-type=\"widget\" data-widget_type=\"heading.default\">\n\t\t\t\t<div class=\"elementor-widget-container\">\n\t\t\t\t\t<h2 class=\"elementor-heading-title elementor-size-default\">Allgemeine Gesch\u00e4ftsbedingungen<\/h2>\t\t\t\t<\/div>\n\t\t\t\t<\/div>\n\t\t\t\t<div class=\"elementor-element elementor-element-3262b0f elementor-widget__width-inherit elementor-widget elementor-widget-heading\" data-id=\"3262b0f\" data-element_type=\"widget\" data-e-type=\"widget\" data-widget_type=\"heading.default\">\n\t\t\t\t<div class=\"elementor-widget-container\">\n\t\t\t\t\t<h2 class=\"elementor-heading-title elementor-size-default\">Urheberrechte<\/h2>\t\t\t\t<\/div>\n\t\t\t\t<\/div>\n\t\t\t\t<div class=\"elementor-element elementor-element-a652ddf elementor-widget-tablet__width-auto elementor-widget__width-inherit elementor-widget elementor-widget-text-editor\" data-id=\"a652ddf\" data-element_type=\"widget\" data-e-type=\"widget\" data-widget_type=\"text-editor.default\">\n\t\t\t\t<div class=\"elementor-widget-container\">\n\t\t\t\t\t\t\t\t\t<p><span lang=\"DE\">Der gesamte Inhalt der Website ist urheberrechtlich gesch\u00fctzt. Alle Rechte verbleiben bei der QualiVision AG. Das Herunterladen oder das Ausdrucken einzelner Seiten und\/oder Teile der Website ist nur gestattet, wenn weder der Urheberrechtsvermerk noch sonstige, rechtlich gesch\u00fctzte Angaben entfernt oder ver\u00e4ndert werden. Wenn Sie die Software oder andere Daten von der Website herunterladen oder diese auf sonstige Weise kopieren, verbleiben alle Eigentumsrechte bei der <\/span><span lang=\"DE\">QualiVision AG. Die (vollst\u00e4ndige oder teilweise) Vervielf\u00e4ltigung, \u00dcbermittlung, \u00c4nderung, Verlinkung oder Verwendung der Website zu Zwecken der Ver\u00f6ffentlichung oder zu gewerblichen Zwecken ist ohne die vorherige schriftliche Zustimmung der QualiVision AG nicht gestattet. <\/span><span lang=\"DE\">QualiVision AG.<\/span><\/p>\n\t\t\t\t\t\t\t\t<\/div>\n\t\t\t\t<\/div>\n\t\t\t\t<div class=\"elementor-element elementor-element-4b28d5b elementor-widget__width-inherit elementor-widget elementor-widget-heading\" data-id=\"4b28d5b\" data-element_type=\"widget\" data-e-type=\"widget\" data-widget_type=\"heading.default\">\n\t\t\t\t<div class=\"elementor-widget-container\">\n\t\t\t\t\t<h2 class=\"elementor-heading-title elementor-size-default\">Gew\u00e4hrleistung<\/h2>\t\t\t\t<\/div>\n\t\t\t\t<\/div>\n\t\t\t\t<div class=\"elementor-element elementor-element-61a0711 elementor-widget-tablet__width-auto elementor-widget__width-inherit elementor-widget elementor-widget-text-editor\" data-id=\"61a0711\" data-element_type=\"widget\" data-e-type=\"widget\" data-widget_type=\"text-editor.default\">\n\t\t\t\t<div class=\"elementor-widget-container\">\n\t\t\t\t\t\t\t\t\t<p><span lang=\"DE\">Die QualiVision AG gibt keinerlei Gew\u00e4hrleistungen oder Zusicherungen oder dergleichen im Hinblick auf die Fehlerfreiheit oder Zuverl\u00e4ssigkeit der auf der Website bereitgestellten Informationen ab. Alle auf der Website ver\u00f6ffentlichten Informationen und zum Ausdruck gebrachten Meinungen werden seitens der QualiVision AG zur <\/span><span lang=\"DE\">pers\u00f6nlichen Verwendung und ausschliesslich zu Informationszwecken bereitgestellt; die<\/span> <span lang=\"DE\">QualiVision AG kann diese jederzeit ohne vorherige Ank\u00fcndigung ab\u00e4ndern.<\/span><\/p>\n\t\t\t\t\t\t\t\t<\/div>\n\t\t\t\t<\/div>\n\t\t\t\t<div class=\"elementor-element elementor-element-0fac3c4 elementor-widget__width-inherit elementor-widget elementor-widget-heading\" data-id=\"0fac3c4\" data-element_type=\"widget\" data-e-type=\"widget\" data-widget_type=\"heading.default\">\n\t\t\t\t<div class=\"elementor-widget-container\">\n\t\t\t\t\t<h2 class=\"elementor-heading-title elementor-size-default\">Kein Angebot<\/h2>\t\t\t\t<\/div>\n\t\t\t\t<\/div>\n\t\t\t\t<div class=\"elementor-element elementor-element-63976a1 elementor-widget-tablet__width-auto elementor-widget__width-inherit elementor-widget elementor-widget-text-editor\" data-id=\"63976a1\" data-element_type=\"widget\" data-e-type=\"widget\" data-widget_type=\"text-editor.default\">\n\t\t\t\t<div class=\"elementor-widget-container\">\n\t\t\t\t\t\t\t\t\t<p><span lang=\"DE\">Die auf der Website ver\u00f6ffentlichten Informationen stellen weder eine Aufforderung zur Abgabe eines Angebots noch ein Angebot oder eine Empfehlung zum Erwerb oder Verkauf von Anlageninstrumenten oder zur Vornahme sonstiger Gesch\u00e4fte dar. Die Website richtet sich nicht an Personen, die dem Geltungsbereich eines Gerichtsstands unterstehen, der die Ver\u00f6ffentlichung oder den Zugang zur Website untersagt.<\/span><\/p>\n\t\t\t\t\t\t\t\t<\/div>\n\t\t\t\t<\/div>\n\t\t\t\t<div class=\"elementor-element elementor-element-9cb485e elementor-widget__width-inherit elementor-widget elementor-widget-heading\" data-id=\"9cb485e\" data-element_type=\"widget\" data-e-type=\"widget\" data-widget_type=\"heading.default\">\n\t\t\t\t<div class=\"elementor-widget-container\">\n\t\t\t\t\t<h2 class=\"elementor-heading-title elementor-size-default\">Haftungsbeschr\u00e4nkung<\/h2>\t\t\t\t<\/div>\n\t\t\t\t<\/div>\n\t\t\t\t<div class=\"elementor-element elementor-element-e2dda63 elementor-widget-tablet__width-auto elementor-widget__width-inherit elementor-widget elementor-widget-text-editor\" data-id=\"e2dda63\" data-element_type=\"widget\" data-e-type=\"widget\" data-widget_type=\"text-editor.default\">\n\t\t\t\t<div class=\"elementor-widget-container\">\n\t\t\t\t\t\t\t\t\t<p><span lang=\"DE\">Die QualiVision AG schliesst ausnahmslos die Haftung f\u00fcr Verluste oder Sch\u00e4den jedweder Art, einschliesslich unmittelbarer, mittelbarer oder Folgesch\u00e4den, aus, die gegebenenfalls durch die Verwendung der oder den Zugriff auf die Website oder jedwede Links auf Websites Dritter verursacht werden. Dies gilt auch f\u00fcr durch Viren verursachte Verluste und Sch\u00e4den.<\/span><\/p>\n\t\t\t\t\t\t\t\t<\/div>\n\t\t\t\t<\/div>\n\t\t\t\t<div class=\"elementor-element elementor-element-4cedce6 elementor-widget__width-inherit elementor-widget elementor-widget-heading\" data-id=\"4cedce6\" data-element_type=\"widget\" data-e-type=\"widget\" data-widget_type=\"heading.default\">\n\t\t\t\t<div class=\"elementor-widget-container\">\n\t\t\t\t\t<h2 class=\"elementor-heading-title elementor-size-default\">Recht und Gerichtsstand\n<\/h2>\t\t\t\t<\/div>\n\t\t\t\t<\/div>\n\t\t\t\t<div class=\"elementor-element elementor-element-3adbf72 elementor-widget-tablet__width-auto elementor-widget__width-inherit elementor-widget elementor-widget-text-editor\" data-id=\"3adbf72\" data-element_type=\"widget\" data-e-type=\"widget\" data-widget_type=\"text-editor.default\">\n\t\t\t\t<div class=\"elementor-widget-container\">\n\t\t\t\t\t\t\t\t\t<p><span lang=\"DE\">Vorbehaltlich der hier aufgef\u00fchrten Allgemeinen Gesch\u00e4ftsbedingungen unterliegen die Nutzung der Website und alle damit in Zusammenhang stehenden Rechtsstreitigkeiten ausschlie\u00dflich schweizerischem Recht. Ausschliesslicher Gerichtsstand ist Horgen (ZH) Schweiz.<\/span><\/p>\n\t\t\t\t\t\t\t\t<\/div>\n\t\t\t\t<\/div>\n\t\t\t\t<\/div>\n\t\t\t\t\t<\/div>\n\t\t\t\t<\/div>\n\t\t\t\t<\/div>\n\t\t","protected":false},"excerpt":{"rendered":"<p>Impressum Impressum QualiVision AGT\u00f6distrasse 50CH &#8211; 8810 Horgen Phone + 41 43 500 55 00 E-Mail: info@qualivision.ch UID Nr.: CHE-108.706.854ZAZ-Account: 5626-0 ManagementJan Mattm\u00fcllerMichael Czerny Copyright Die Vervielf\u00e4ltigung von Informationen, Daten, Texten, Bildern und Grafiken oder Teilen hiervon, deren Verwendung f\u00fcr Handelszwecke oder Verwendung auf anderen Websites bedarf der vorherigen Zustimmung der QualiVision AG. Auf unserer [&hellip;]<\/p>\n","protected":false},"author":1,"featured_media":0,"parent":0,"menu_order":0,"comment_status":"closed","ping_status":"closed","template":"","meta":{"_acf_changed":false,"footnotes":""},"class_list":["post-7784","page","type-page","status-publish","hentry"],"acf":[],"yoast_head":"<!-- This site is optimized with the Yoast SEO plugin v27.4 - https:\/\/yoast.com\/product\/yoast-seo-wordpress\/ -->\n<title>Impressum - QualiVision<\/title>\n<meta name=\"robots\" content=\"index, follow, max-snippet:-1, max-image-preview:large, max-video-preview:-1\" \/>\n<link rel=\"canonical\" href=\"https:\/\/www.qualivision.ch\/de\/legal-informations\/\" \/>\n<meta property=\"og:locale\" content=\"de_DE\" \/>\n<meta property=\"og:type\" content=\"article\" \/>\n<meta property=\"og:title\" content=\"Impressum - QualiVision\" \/>\n<meta property=\"og:description\" content=\"Impressum Impressum QualiVision AGT\u00f6distrasse 50CH &#8211; 8810 Horgen Phone + 41 43 500 55 00 E-Mail: info@qualivision.ch UID Nr.: CHE-108.706.854ZAZ-Account: 5626-0 ManagementJan Mattm\u00fcllerMichael Czerny Copyright Die Vervielf\u00e4ltigung von Informationen, Daten, Texten, Bildern und Grafiken oder Teilen hiervon, deren Verwendung f\u00fcr Handelszwecke oder Verwendung auf anderen Websites bedarf der vorherigen Zustimmung der QualiVision AG. Auf unserer [&hellip;]\" \/>\n<meta property=\"og:url\" content=\"https:\/\/www.qualivision.ch\/de\/legal-informations\/\" \/>\n<meta property=\"og:site_name\" content=\"QualiVision\" \/>\n<meta property=\"article:modified_time\" content=\"2024-06-01T12:26:42+00:00\" \/>\n<meta name=\"twitter:card\" content=\"summary_large_image\" \/>\n<meta name=\"twitter:label1\" content=\"Gesch\u00e4tzte Lesezeit\" \/>\n\t<meta name=\"twitter:data1\" content=\"2\u00a0Minuten\" \/>\n<script type=\"application\/ld+json\" class=\"yoast-schema-graph\">{\"@context\":\"https:\\\/\\\/schema.org\",\"@graph\":[{\"@type\":\"WebPage\",\"@id\":\"https:\\\/\\\/www.qualivision.ch\\\/de\\\/legal-informations\\\/\",\"url\":\"https:\\\/\\\/www.qualivision.ch\\\/de\\\/legal-informations\\\/\",\"name\":\"Impressum - QualiVision\",\"isPartOf\":{\"@id\":\"https:\\\/\\\/www.qualivision.ch\\\/de\\\/#website\"},\"datePublished\":\"2024-06-01T12:07:42+00:00\",\"dateModified\":\"2024-06-01T12:26:42+00:00\",\"breadcrumb\":{\"@id\":\"https:\\\/\\\/www.qualivision.ch\\\/de\\\/legal-informations\\\/#breadcrumb\"},\"inLanguage\":\"de\",\"potentialAction\":[{\"@type\":\"ReadAction\",\"target\":[\"https:\\\/\\\/www.qualivision.ch\\\/de\\\/legal-informations\\\/\"]}]},{\"@type\":\"BreadcrumbList\",\"@id\":\"https:\\\/\\\/www.qualivision.ch\\\/de\\\/legal-informations\\\/#breadcrumb\",\"itemListElement\":[{\"@type\":\"ListItem\",\"position\":1,\"name\":\"Home\",\"item\":\"https:\\\/\\\/staging.qualivision.ch\\\/de\\\/home\\\/\"},{\"@type\":\"ListItem\",\"position\":2,\"name\":\"Impressum\"}]},{\"@type\":\"WebSite\",\"@id\":\"https:\\\/\\\/www.qualivision.ch\\\/de\\\/#website\",\"url\":\"https:\\\/\\\/www.qualivision.ch\\\/de\\\/\",\"name\":\"QualiVision\",\"description\":\"\",\"publisher\":{\"@id\":\"https:\\\/\\\/www.qualivision.ch\\\/de\\\/#organization\"},\"potentialAction\":[{\"@type\":\"SearchAction\",\"target\":{\"@type\":\"EntryPoint\",\"urlTemplate\":\"https:\\\/\\\/www.qualivision.ch\\\/de\\\/?s={search_term_string}\"},\"query-input\":{\"@type\":\"PropertyValueSpecification\",\"valueRequired\":true,\"valueName\":\"search_term_string\"}}],\"inLanguage\":\"de\"},{\"@type\":\"Organization\",\"@id\":\"https:\\\/\\\/www.qualivision.ch\\\/de\\\/#organization\",\"name\":\"QualiVision\",\"url\":\"https:\\\/\\\/www.qualivision.ch\\\/de\\\/\",\"logo\":{\"@type\":\"ImageObject\",\"inLanguage\":\"de\",\"@id\":\"https:\\\/\\\/www.qualivision.ch\\\/de\\\/#\\\/schema\\\/logo\\\/image\\\/\",\"url\":\"https:\\\/\\\/www.qualivision.ch\\\/wp-content\\\/uploads\\\/2026\\\/04\\\/QualiVision_Logo_schwarz-gelb-scaled.png\",\"contentUrl\":\"https:\\\/\\\/www.qualivision.ch\\\/wp-content\\\/uploads\\\/2026\\\/04\\\/QualiVision_Logo_schwarz-gelb-scaled.png\",\"width\":2560,\"height\":880,\"caption\":\"QualiVision\"},\"image\":{\"@id\":\"https:\\\/\\\/www.qualivision.ch\\\/de\\\/#\\\/schema\\\/logo\\\/image\\\/\"},\"sameAs\":[\"https:\\\/\\\/ch.linkedin.com\\\/company\\\/qualivision-ag\",\"https:\\\/\\\/www.youtube.com\\\/@qualivisionag6176\"]}]}<\/script>\n<!-- \/ Yoast SEO plugin. -->","yoast_head_json":{"title":"Impressum - QualiVision","robots":{"index":"index","follow":"follow","max-snippet":"max-snippet:-1","max-image-preview":"max-image-preview:large","max-video-preview":"max-video-preview:-1"},"canonical":"https:\/\/www.qualivision.ch\/de\/legal-informations\/","og_locale":"de_DE","og_type":"article","og_title":"Impressum - QualiVision","og_description":"Impressum Impressum QualiVision AGT\u00f6distrasse 50CH &#8211; 8810 Horgen Phone + 41 43 500 55 00 E-Mail: info@qualivision.ch UID Nr.: CHE-108.706.854ZAZ-Account: 5626-0 ManagementJan Mattm\u00fcllerMichael Czerny Copyright Die Vervielf\u00e4ltigung von Informationen, Daten, Texten, Bildern und Grafiken oder Teilen hiervon, deren Verwendung f\u00fcr Handelszwecke oder Verwendung auf anderen Websites bedarf der vorherigen Zustimmung der QualiVision AG. Auf unserer [&hellip;]","og_url":"https:\/\/www.qualivision.ch\/de\/legal-informations\/","og_site_name":"QualiVision","article_modified_time":"2024-06-01T12:26:42+00:00","twitter_card":"summary_large_image","twitter_misc":{"Gesch\u00e4tzte Lesezeit":"2\u00a0Minuten"},"schema":{"@context":"https:\/\/schema.org","@graph":[{"@type":"WebPage","@id":"https:\/\/www.qualivision.ch\/de\/legal-informations\/","url":"https:\/\/www.qualivision.ch\/de\/legal-informations\/","name":"Impressum - QualiVision","isPartOf":{"@id":"https:\/\/www.qualivision.ch\/de\/#website"},"datePublished":"2024-06-01T12:07:42+00:00","dateModified":"2024-06-01T12:26:42+00:00","breadcrumb":{"@id":"https:\/\/www.qualivision.ch\/de\/legal-informations\/#breadcrumb"},"inLanguage":"de","potentialAction":[{"@type":"ReadAction","target":["https:\/\/www.qualivision.ch\/de\/legal-informations\/"]}]},{"@type":"BreadcrumbList","@id":"https:\/\/www.qualivision.ch\/de\/legal-informations\/#breadcrumb","itemListElement":[{"@type":"ListItem","position":1,"name":"Home","item":"https:\/\/staging.qualivision.ch\/de\/home\/"},{"@type":"ListItem","position":2,"name":"Impressum"}]},{"@type":"WebSite","@id":"https:\/\/www.qualivision.ch\/de\/#website","url":"https:\/\/www.qualivision.ch\/de\/","name":"QualiVision","description":"","publisher":{"@id":"https:\/\/www.qualivision.ch\/de\/#organization"},"potentialAction":[{"@type":"SearchAction","target":{"@type":"EntryPoint","urlTemplate":"https:\/\/www.qualivision.ch\/de\/?s={search_term_string}"},"query-input":{"@type":"PropertyValueSpecification","valueRequired":true,"valueName":"search_term_string"}}],"inLanguage":"de"},{"@type":"Organization","@id":"https:\/\/www.qualivision.ch\/de\/#organization","name":"QualiVision","url":"https:\/\/www.qualivision.ch\/de\/","logo":{"@type":"ImageObject","inLanguage":"de","@id":"https:\/\/www.qualivision.ch\/de\/#\/schema\/logo\/image\/","url":"https:\/\/www.qualivision.ch\/wp-content\/uploads\/2026\/04\/QualiVision_Logo_schwarz-gelb-scaled.png","contentUrl":"https:\/\/www.qualivision.ch\/wp-content\/uploads\/2026\/04\/QualiVision_Logo_schwarz-gelb-scaled.png","width":2560,"height":880,"caption":"QualiVision"},"image":{"@id":"https:\/\/www.qualivision.ch\/de\/#\/schema\/logo\/image\/"},"sameAs":["https:\/\/ch.linkedin.com\/company\/qualivision-ag","https:\/\/www.youtube.com\/@qualivisionag6176"]}]}},"_links":{"self":[{"href":"https:\/\/www.qualivision.ch\/de\/wp-json\/wp\/v2\/pages\/7784","targetHints":{"allow":["GET"]}}],"collection":[{"href":"https:\/\/www.qualivision.ch\/de\/wp-json\/wp\/v2\/pages"}],"about":[{"href":"https:\/\/www.qualivision.ch\/de\/wp-json\/wp\/v2\/types\/page"}],"author":[{"embeddable":true,"href":"https:\/\/www.qualivision.ch\/de\/wp-json\/wp\/v2\/users\/1"}],"replies":[{"embeddable":true,"href":"https:\/\/www.qualivision.ch\/de\/wp-json\/wp\/v2\/comments?post=7784"}],"version-history":[{"count":0,"href":"https:\/\/www.qualivision.ch\/de\/wp-json\/wp\/v2\/pages\/7784\/revisions"}],"wp:attachment":[{"href":"https:\/\/www.qualivision.ch\/de\/wp-json\/wp\/v2\/media?parent=7784"}],"curies":[{"name":"wp","href":"https:\/\/api.w.org\/{rel}","templated":true}]}}